{"id":153,"date":"2016-02-21T11:41:38","date_gmt":"2016-02-21T10:41:38","guid":{"rendered":"http:\/\/schrattenholzer.at\/?page_id=153"},"modified":"2026-02-10T16:08:38","modified_gmt":"2026-02-10T15:08:38","slug":"start","status":"publish","type":"page","link":"http:\/\/schrattenholzer.at\/?page_id=153","title":{"rendered":"News"},"content":{"rendered":"\n<p class=\"has-text-align-center has-vivid-red-color has-text-color has-link-color has-large-font-size wp-elements-1974891857b246ac3989652e9c658928\"><\/p>\n\n\n\n<p><\/p>\n\n\n\n<figure class=\"wp-block-gallery has-nested-images columns-default is-cropped wp-block-gallery-1 is-layout-flex wp-block-gallery-is-layout-flex\"><\/figure>\n\n\n\n<p class=\"has-text-align-center has-medium-font-size\"><strong>Neu im Sortiment &#8211; Wiederstandsleiste. <\/strong><\/p>\n\n\n\n<p class=\"has-text-align-center has-medium-font-size\"><strong>Die L\u00e4nge kann nach Gebrauch zusammen gebaut werden.<\/strong><\/p>\n\n\n\n<figure class=\"wp-block-image size-large\"><a href=\"http:\/\/schrattenholzer.at\/wp-content\/uploads\/2023\/03\/IMG_20230307_150845-2-scaled.jpg\"><img loading=\"lazy\" decoding=\"async\" width=\"1024\" height=\"768\" src=\"http:\/\/schrattenholzer.at\/wp-content\/uploads\/2023\/03\/IMG_20230307_150845-2-1024x768.jpg\" alt=\"\" class=\"wp-image-502\" srcset=\"http:\/\/schrattenholzer.at\/wp-content\/uploads\/2023\/03\/IMG_20230307_150845-2-1024x768.jpg 1024w, http:\/\/schrattenholzer.at\/wp-content\/uploads\/2023\/03\/IMG_20230307_150845-2-300x225.jpg 300w, http:\/\/schrattenholzer.at\/wp-content\/uploads\/2023\/03\/IMG_20230307_150845-2-768x576.jpg 768w, http:\/\/schrattenholzer.at\/wp-content\/uploads\/2023\/03\/IMG_20230307_150845-2-1536x1152.jpg 1536w, http:\/\/schrattenholzer.at\/wp-content\/uploads\/2023\/03\/IMG_20230307_150845-2-2048x1536.jpg 2048w\" sizes=\"auto, (max-width: 1024px) 100vw, 1024px\" \/><\/a><\/figure>\n\n\n\n<h3 class=\"wp-block-heading\"><a rel=\"attachment wp-att-303\" data-wp-editing=\"1\" href=\"http:\/\/schrattenholzer.at\/wp-content\/uploads\/2023\/02\/Inserat-2023.pdf\"><img decoding=\"async\" class=\"alignnone wp-image-488 size-full\" src=\"http:\/\/schrattenholzer.at\/wp-content\/uploads\/2023\/02\/Inserat-2023-pdf.jpg\" alt=\"\" style=\"\"><\/a><\/h3>\n\n\n\n<h3 class=\"wp-block-heading\">Erfolgreiche Montage eines Schnelllauftores von unserem eigens daf\u00fcr geschulten Monteuren!<\/h3>\n\n\n\n<figure class=\"wp-block-image\"><a href=\"http:\/\/schrattenholzer.at\/wp-content\/uploads\/2016\/02\/IMG-20200505-WA0003.jpg\" rel=\"attachment wp-att-341\"><img loading=\"lazy\" decoding=\"async\" width=\"1200\" height=\"1599\" src=\"http:\/\/schrattenholzer.at\/wp-content\/uploads\/2016\/02\/IMG-20200505-WA0003.jpg\" alt=\"IMG-20200505-WA0003\" class=\"wp-image-341\" srcset=\"http:\/\/schrattenholzer.at\/wp-content\/uploads\/2016\/02\/IMG-20200505-WA0003.jpg 1200w, http:\/\/schrattenholzer.at\/wp-content\/uploads\/2016\/02\/IMG-20200505-WA0003-225x300.jpg 225w, http:\/\/schrattenholzer.at\/wp-content\/uploads\/2016\/02\/IMG-20200505-WA0003-768x1024.jpg 768w\" sizes=\"auto, (max-width: 1200px) 100vw, 1200px\" \/><\/a><\/figure>\n\n\n\n<h3 class=\"wp-block-heading\">Neuanschaffung einer zus\u00e4tzlichen Scherenb\u00fchne f\u00fcr den sicheren Einbau von Industrietoren bis zu 10 m H\u00f6he.<\/h3>\n\n\n\n<figure class=\"wp-block-image\"><a href=\"http:\/\/schrattenholzer.at\/wp-content\/uploads\/2016\/02\/IMG-20200505-WA0000.jpg\" rel=\"attachment wp-att-340\"><img loading=\"lazy\" decoding=\"async\" width=\"1200\" height=\"1600\" src=\"http:\/\/schrattenholzer.at\/wp-content\/uploads\/2016\/02\/IMG-20200505-WA0000.jpg\" alt=\"IMG-20200505-WA0000\" class=\"wp-image-340\" srcset=\"http:\/\/schrattenholzer.at\/wp-content\/uploads\/2016\/02\/IMG-20200505-WA0000.jpg 1200w, http:\/\/schrattenholzer.at\/wp-content\/uploads\/2016\/02\/IMG-20200505-WA0000-225x300.jpg 225w, http:\/\/schrattenholzer.at\/wp-content\/uploads\/2016\/02\/IMG-20200505-WA0000-768x1024.jpg 768w\" sizes=\"auto, (max-width: 1200px) 100vw, 1200px\" \/><\/a><\/figure>\n\n\n\n<h3 class=\"wp-block-heading\">Wir kehren dem Coronavirus den R\u00fccken zu und starten mit Vollgas wieder durch.<\/h3>\n\n\n\n<figure class=\"wp-block-image\"><a href=\"http:\/\/schrattenholzer.at\/wp-content\/uploads\/2016\/02\/IMG-20200501-WA0003.jpg\" rel=\"attachment wp-att-339\"><img loading=\"lazy\" decoding=\"async\" width=\"1599\" height=\"1200\" src=\"http:\/\/schrattenholzer.at\/wp-content\/uploads\/2016\/02\/IMG-20200501-WA0003.jpg\" alt=\"IMG-20200501-WA0003\" class=\"wp-image-339\" srcset=\"http:\/\/schrattenholzer.at\/wp-content\/uploads\/2016\/02\/IMG-20200501-WA0003.jpg 1599w, http:\/\/schrattenholzer.at\/wp-content\/uploads\/2016\/02\/IMG-20200501-WA0003-300x225.jpg 300w, http:\/\/schrattenholzer.at\/wp-content\/uploads\/2016\/02\/IMG-20200501-WA0003-768x576.jpg 768w, http:\/\/schrattenholzer.at\/wp-content\/uploads\/2016\/02\/IMG-20200501-WA0003-1024x768.jpg 1024w\" sizes=\"auto, (max-width: 1599px) 100vw, 1599px\" \/><\/a><\/figure>\n\n\n\n<h3 class=\"wp-block-heading\">&nbsp;<\/h3>\n\n\n\n<h3 class=\"wp-block-heading\">Unser Verkaufsteam war bei einer Produktschulung der Fa. Brix \u2013Zaun eingeladen, wo <a href=\"http:\/\/schrattenholzer.at\/wp-content\/uploads\/2016\/02\/20160315_171231_resized.jpg\" rel=\"attachment wp-att-172\"><img loading=\"lazy\" decoding=\"async\" class=\"alignright size-thumbnail wp-image-172\" src=\"http:\/\/schrattenholzer.at\/wp-content\/uploads\/2016\/02\/20160315_171231_resized-150x150.jpg\" alt=\"20160315_171231_resized\" width=\"150\" height=\"150\"><\/a>wir Neuigkeiten und viele wichtige Details erfahren durften<\/h3>\n\n\n\n<p>Im Anschluss gab es noch ein Motivations- Verkaufs- und Managementtraining durch G\u00fcnter Panh\u00f6lzl im Seminarhotel Rosenberger!<\/p>\n\n\n\n<p>Vielen Dank an Verkaufsleiter Pirker f\u00fcr die Einladung!<\/p>\n\n\n\n<h2 class=\"wp-block-heading\">Schulung Industrietore<\/h2>\n\n\n\n<p>Um die neuesten Entwicklungen am Sektor der Industrietore kennen zu lernen waren unsere Monteure in Mondsee bei H\u00f6rmann auf einer Schulung.<\/p>\n\n\n\n<p><\/p>\n","protected":false},"excerpt":{"rendered":"<p>Neu im Sortiment &#8211; Wiederstandsleiste. Die L\u00e4nge kann nach Gebrauch zusammen gebaut werden. Erfolgreiche Montage eines Schnelllauftores von unserem eigens daf\u00fcr geschulten Monteuren! Neuanschaffung einer zus\u00e4tzlichen Scherenb\u00fchne f\u00fcr den sicheren Einbau von Industrietoren bis zu 10 m H\u00f6he. Wir kehren dem Coronavirus den R\u00fccken zu und starten mit Vollgas wieder durch. &nbsp; Unser Verkaufsteam war [&hellip;]<\/p>\n","protected":false},"author":1,"featured_media":0,"parent":0,"menu_order":0,"comment_status":"closed","ping_status":"closed","template":"","meta":{"footnotes":""},"class_list":["post-153","page","type-page","status-publish","hentry"],"_links":{"self":[{"href":"http:\/\/schrattenholzer.at\/index.php?rest_route=\/wp\/v2\/pages\/153","targetHints":{"allow":["GET"]}}],"collection":[{"href":"http:\/\/schrattenholzer.at\/index.php?rest_route=\/wp\/v2\/pages"}],"about":[{"href":"http:\/\/schrattenholzer.at\/index.php?rest_route=\/wp\/v2\/types\/page"}],"author":[{"embeddable":true,"href":"http:\/\/schrattenholzer.at\/index.php?rest_route=\/wp\/v2\/users\/1"}],"replies":[{"embeddable":true,"href":"http:\/\/schrattenholzer.at\/index.php?rest_route=%2Fwp%2Fv2%2Fcomments&post=153"}],"version-history":[{"count":95,"href":"http:\/\/schrattenholzer.at\/index.php?rest_route=\/wp\/v2\/pages\/153\/revisions"}],"predecessor-version":[{"id":609,"href":"http:\/\/schrattenholzer.at\/index.php?rest_route=\/wp\/v2\/pages\/153\/revisions\/609"}],"wp:attachment":[{"href":"http:\/\/schrattenholzer.at\/index.php?rest_route=%2Fwp%2Fv2%2Fmedia&parent=153"}],"curies":[{"name":"wp","href":"https:\/\/api.w.org\/{rel}","templated":true}]}}